{"id":3202,"date":"2025-10-20T18:47:03","date_gmt":"2025-10-20T16:47:03","guid":{"rendered":"https:\/\/pizzapazza-bcn.com\/?page_id=3202"},"modified":"2025-10-20T18:54:18","modified_gmt":"2025-10-20T16:54:18","slug":"aviso-legal","status":"publish","type":"page","link":"https:\/\/pizzapazza-bcn.com\/en\/aviso-legal","title":{"rendered":"Legal Notice"},"content":{"rendered":"<div data-elementor-type=\"wp-page\" data-elementor-id=\"3202\" class=\"elementor elementor-3202\">\n\t\t\t\t<div class=\"elementor-element elementor-element-820d48c e-flex e-con-boxed e-con e-parent\" data-id=\"820d48c\" data-element_type=\"container\" data-settings=\"{&quot;background_background&quot;:&quot;classic&quot;}\">\n\t\t\t\t\t<div class=\"e-con-inner\">\n\t\t\t\t<div class=\"elementor-element elementor-element-91bd1ab elementor-widget elementor-widget-heading\" data-id=\"91bd1ab\" data-element_type=\"widget\" data-widget_type=\"heading.default\">\n\t\t\t\t<div class=\"elementor-widget-container\">\n\t\t\t\t\t<h2 class=\"elementor-heading-title elementor-size-default\">Legal Notice<\/h2>\t\t\t\t<\/div>\n\t\t\t\t<\/div>\n\t\t\t\t<div class=\"elementor-element elementor-element-4ce7f14 elementor-widget elementor-widget-text-editor\" data-id=\"4ce7f14\" data-element_type=\"widget\" data-widget_type=\"text-editor.default\">\n\t\t\t\t<div class=\"elementor-widget-container\">\n\t\t\t\t\t\t\t\t\t<p class=\"p1\"><span class=\"s1\"><b>Titular del sitio web:<\/b><\/span> Pizza Pazza Barcelona<\/p><p class=\"p1\">\ud83d\udccd C\/ Princesa 26 y C\/ Ample 44 \u2013 Barcelona<\/p><p class=\"p1\">\ud83d\udce7 info@pizzapazza-bcn.com<\/p><p class=\"p1\">\ud83c\udf10 <a href=\"https:\/\/pizzapazza-bcn.com\/en\/\">https:\/\/pizzapazza-bcn.com<\/a><\/p><h3><b>1. Identificaci\u00f3n del responsable<\/b><\/h3><p class=\"p1\">En cumplimiento de la Ley 34\/2002 (LSSI-CE), se informa que el titular de este sitio web es Pizza Pazza Barcelona.<\/p><h3><b>2. Propiedad intelectual<\/b><\/h3><p class=\"p1\">Todos los contenidos de este sitio web (textos, im\u00e1genes, logotipos, etc.) son propiedad de Pizza Pazza o cuentan con autorizaci\u00f3n de uso.<\/p><p class=\"p1\">Queda prohibida la reproducci\u00f3n total o parcial sin consentimiento expreso.<\/p><h3><b>3. Condiciones de uso<\/b><\/h3><p class=\"p1\">El acceso y uso del sitio web implican la aceptaci\u00f3n plena de estas condiciones. El usuario se compromete a hacer un uso adecuado de los contenidos y no emplearlos para actividades il\u00edcitas.<\/p><h3><b>4. Enlaces externos<\/b><\/h3><p class=\"p1\">El sitio puede contener enlaces a p\u00e1ginas externas. Pizza Pazza no se responsabiliza del contenido o pr\u00e1cticas de privacidad de dichas p\u00e1ginas.<\/p><h3><b>5. Legislaci\u00f3n aplicable<\/b><\/h3><p class=\"p1\">Estas condiciones se rigen por la legislaci\u00f3n espa\u00f1ola. Cualquier controversia se someter\u00e1 a los tribunales de Barcelona.<\/p>\t\t\t\t\t\t\t\t<\/div>\n\t\t\t\t<\/div>\n\t\t\t\t\t<\/div>\n\t\t\t\t<\/div>\n\t\t\t\t<\/div>","protected":false},"excerpt":{"rendered":"<p>Aviso Legal Titular del sitio web: Pizza Pazza Barcelona \ud83d\udccd C\/ Princesa 26 y C\/ Ample 44 \u2013 Barcelona \ud83d\udce7 info@pizzapazza-bcn.com \ud83c\udf10 https:\/\/pizzapazza-bcn.com 1. Identificaci\u00f3n del responsable En cumplimiento de la Ley 34\/2002 (LSSI-CE), se informa que el titular de este sitio web es Pizza Pazza Barcelona. 2. Propiedad intelectual Todos los contenidos de este [&hellip;]<\/p>","protected":false},"author":1,"featured_media":0,"parent":0,"menu_order":0,"comment_status":"closed","ping_status":"closed","template":"","meta":{"footnotes":""},"class_list":["post-3202","page","type-page","status-publish","hentry"],"yoast_head":"<!-- This site is optimized with the Yoast SEO plugin v26.4 - https:\/\/yoast.com\/wordpress\/plugins\/seo\/ -->\n<title>Aviso Legal - pizzapazza<\/title>\n<meta name=\"robots\" content=\"index, follow, max-snippet:-1, max-image-preview:large, max-video-preview:-1\" \/>\n<link rel=\"canonical\" href=\"https:\/\/pizzapazza-bcn.com\/en\/aviso-legal\/\" \/>\n<meta property=\"og:locale\" content=\"en_GB\" \/>\n<meta property=\"og:type\" content=\"article\" \/>\n<meta property=\"og:title\" content=\"Aviso Legal - pizzapazza\" \/>\n<meta property=\"og:description\" content=\"Aviso Legal Titular del sitio web: Pizza Pazza Barcelona \ud83d\udccd C\/ Princesa 26 y C\/ Ample 44 \u2013 Barcelona \ud83d\udce7 info@pizzapazza-bcn.com \ud83c\udf10 https:\/\/pizzapazza-bcn.com 1. Identificaci\u00f3n del responsable En cumplimiento de la Ley 34\/2002 (LSSI-CE), se informa que el titular de este sitio web es Pizza Pazza Barcelona. 2. Propiedad intelectual Todos los contenidos de este [&hellip;]\" \/>\n<meta property=\"og:url\" content=\"https:\/\/pizzapazza-bcn.com\/en\/aviso-legal\/\" \/>\n<meta property=\"og:site_name\" content=\"pizzapazza\" \/>\n<meta property=\"article:modified_time\" content=\"2025-10-20T16:54:18+00:00\" \/>\n<meta name=\"twitter:card\" content=\"summary_large_image\" \/>\n<meta name=\"twitter:label1\" content=\"Estimated reading time\" \/>\n\t<meta name=\"twitter:data1\" content=\"1 minute\" \/>\n<script type=\"application\/ld+json\" class=\"yoast-schema-graph\">{\"@context\":\"https:\/\/schema.org\",\"@graph\":[{\"@type\":\"WebPage\",\"@id\":\"https:\/\/pizzapazza-bcn.com\/aviso-legal\",\"url\":\"https:\/\/pizzapazza-bcn.com\/aviso-legal\",\"name\":\"Aviso Legal - pizzapazza\",\"isPartOf\":{\"@id\":\"https:\/\/pizzapazza-bcn.com\/#website\"},\"datePublished\":\"2025-10-20T16:47:03+00:00\",\"dateModified\":\"2025-10-20T16:54:18+00:00\",\"breadcrumb\":{\"@id\":\"https:\/\/pizzapazza-bcn.com\/aviso-legal#breadcrumb\"},\"inLanguage\":\"en-GB\",\"potentialAction\":[{\"@type\":\"ReadAction\",\"target\":[\"https:\/\/pizzapazza-bcn.com\/aviso-legal\"]}]},{\"@type\":\"BreadcrumbList\",\"@id\":\"https:\/\/pizzapazza-bcn.com\/aviso-legal#breadcrumb\",\"itemListElement\":[{\"@type\":\"ListItem\",\"position\":1,\"name\":\"Portada\",\"item\":\"https:\/\/mediumseagreen-alligator-457458.hostingersite.com\/\"},{\"@type\":\"ListItem\",\"position\":2,\"name\":\"Aviso Legal\"}]},{\"@type\":\"WebSite\",\"@id\":\"https:\/\/pizzapazza-bcn.com\/#website\",\"url\":\"https:\/\/pizzapazza-bcn.com\/\",\"name\":\"pizzapazza\",\"description\":\"Pizzeria Italiana en Barcelona\",\"potentialAction\":[{\"@type\":\"SearchAction\",\"target\":{\"@type\":\"EntryPoint\",\"urlTemplate\":\"https:\/\/pizzapazza-bcn.com\/?s={search_term_string}\"},\"query-input\":{\"@type\":\"PropertyValueSpecification\",\"valueRequired\":true,\"valueName\":\"search_term_string\"}}],\"inLanguage\":\"en-GB\"}]}<\/script>\n<!-- \/ Yoast SEO plugin. -->","yoast_head_json":{"title":"Aviso Legal - pizzapazza","robots":{"index":"index","follow":"follow","max-snippet":"max-snippet:-1","max-image-preview":"max-image-preview:large","max-video-preview":"max-video-preview:-1"},"canonical":"https:\/\/pizzapazza-bcn.com\/en\/aviso-legal\/","og_locale":"en_GB","og_type":"article","og_title":"Aviso Legal - pizzapazza","og_description":"Aviso Legal Titular del sitio web: Pizza Pazza Barcelona \ud83d\udccd C\/ Princesa 26 y C\/ Ample 44 \u2013 Barcelona \ud83d\udce7 info@pizzapazza-bcn.com \ud83c\udf10 https:\/\/pizzapazza-bcn.com 1. Identificaci\u00f3n del responsable En cumplimiento de la Ley 34\/2002 (LSSI-CE), se informa que el titular de este sitio web es Pizza Pazza Barcelona. 2. Propiedad intelectual Todos los contenidos de este [&hellip;]","og_url":"https:\/\/pizzapazza-bcn.com\/en\/aviso-legal\/","og_site_name":"pizzapazza","article_modified_time":"2025-10-20T16:54:18+00:00","twitter_card":"summary_large_image","twitter_misc":{"Estimated reading time":"1 minute"},"schema":{"@context":"https:\/\/schema.org","@graph":[{"@type":"WebPage","@id":"https:\/\/pizzapazza-bcn.com\/aviso-legal","url":"https:\/\/pizzapazza-bcn.com\/aviso-legal","name":"Aviso Legal - pizzapazza","isPartOf":{"@id":"https:\/\/pizzapazza-bcn.com\/#website"},"datePublished":"2025-10-20T16:47:03+00:00","dateModified":"2025-10-20T16:54:18+00:00","breadcrumb":{"@id":"https:\/\/pizzapazza-bcn.com\/aviso-legal#breadcrumb"},"inLanguage":"en-GB","potentialAction":[{"@type":"ReadAction","target":["https:\/\/pizzapazza-bcn.com\/aviso-legal"]}]},{"@type":"BreadcrumbList","@id":"https:\/\/pizzapazza-bcn.com\/aviso-legal#breadcrumb","itemListElement":[{"@type":"ListItem","position":1,"name":"Portada","item":"https:\/\/mediumseagreen-alligator-457458.hostingersite.com\/"},{"@type":"ListItem","position":2,"name":"Aviso Legal"}]},{"@type":"WebSite","@id":"https:\/\/pizzapazza-bcn.com\/#website","url":"https:\/\/pizzapazza-bcn.com\/","name":"pizzapazza","description":"Italian Pizzeria in Barcelona","potentialAction":[{"@type":"SearchAction","target":{"@type":"EntryPoint","urlTemplate":"https:\/\/pizzapazza-bcn.com\/?s={search_term_string}"},"query-input":{"@type":"PropertyValueSpecification","valueRequired":true,"valueName":"search_term_string"}}],"inLanguage":"en-GB"}]}},"_links":{"self":[{"href":"https:\/\/pizzapazza-bcn.com\/en\/wp-json\/wp\/v2\/pages\/3202","targetHints":{"allow":["GET"]}}],"collection":[{"href":"https:\/\/pizzapazza-bcn.com\/en\/wp-json\/wp\/v2\/pages"}],"about":[{"href":"https:\/\/pizzapazza-bcn.com\/en\/wp-json\/wp\/v2\/types\/page"}],"author":[{"embeddable":true,"href":"https:\/\/pizzapazza-bcn.com\/en\/wp-json\/wp\/v2\/users\/1"}],"replies":[{"embeddable":true,"href":"https:\/\/pizzapazza-bcn.com\/en\/wp-json\/wp\/v2\/comments?post=3202"}],"version-history":[{"count":7,"href":"https:\/\/pizzapazza-bcn.com\/en\/wp-json\/wp\/v2\/pages\/3202\/revisions"}],"predecessor-version":[{"id":3215,"href":"https:\/\/pizzapazza-bcn.com\/en\/wp-json\/wp\/v2\/pages\/3202\/revisions\/3215"}],"wp:attachment":[{"href":"https:\/\/pizzapazza-bcn.com\/en\/wp-json\/wp\/v2\/media?parent=3202"}],"curies":[{"name":"wp","href":"https:\/\/api.w.org\/{rel}","templated":true}]}}