{"id":3200,"date":"2025-10-20T18:46:48","date_gmt":"2025-10-20T16:46:48","guid":{"rendered":"https:\/\/pizzapazza-bcn.com\/?page_id=3200"},"modified":"2025-10-20T18:56:06","modified_gmt":"2025-10-20T16:56:06","slug":"politica-de-privacidad","status":"publish","type":"page","link":"https:\/\/pizzapazza-bcn.com\/en\/politica-de-privacidad","title":{"rendered":"\u00a0Privacy Policy"},"content":{"rendered":"<div data-elementor-type=\"wp-page\" data-elementor-id=\"3200\" class=\"elementor elementor-3200\">\n\t\t\t\t<div class=\"elementor-element elementor-element-6a04d42 e-flex e-con-boxed e-con e-parent\" data-id=\"6a04d42\" data-element_type=\"container\" data-settings=\"{&quot;background_background&quot;:&quot;classic&quot;}\">\n\t\t\t\t\t<div class=\"e-con-inner\">\n\t\t\t\t<div class=\"elementor-element elementor-element-c7ec76f elementor-widget elementor-widget-heading\" data-id=\"c7ec76f\" data-element_type=\"widget\" data-widget_type=\"heading.default\">\n\t\t\t\t<div class=\"elementor-widget-container\">\n\t\t\t\t\t<h2 class=\"elementor-heading-title elementor-size-default\">Privacy Policy <\/h2>\t\t\t\t<\/div>\n\t\t\t\t<\/div>\n\t\t\t\t<div class=\"elementor-element elementor-element-1380bff elementor-widget elementor-widget-text-editor\" data-id=\"1380bff\" data-element_type=\"widget\" data-widget_type=\"text-editor.default\">\n\t\t\t\t<div class=\"elementor-widget-container\">\n\t\t\t\t\t\t\t\t\t<p class=\"p1\"><b>\u00daltima actualizaci\u00f3n:<\/b><span class=\"s1\"> Octubre 2025<\/span><\/p><p class=\"p1\"><b>Responsable del tratamiento:<\/b><b><\/b><\/p><p class=\"p3\">Pizza Pazza Barcelona<\/p><p class=\"p3\">\ud83d\udccd C\/ Princesa 26 y C\/ Ample 44 \u2013 Barcelona<\/p><p class=\"p3\">\ud83d\udce7 info@pizzapazza-bcn.com<\/p><p class=\"p3\">\ud83c\udf10 <a href=\"https:\/\/pizzapazza-bcn.com\/en\/\">https:\/\/pizzapazza-bcn.com<\/a><\/p><h3><b>1. Finalidad del tratamiento<\/b><\/h3><p class=\"p3\">Los datos personales que nos proporciones a trav\u00e9s de los formularios de contacto o reservas se utilizar\u00e1n exclusivamente para atender tus solicitudes, gestionar reservas y responder tus consultas.<\/p><h3><b>2. Legitimaci\u00f3n<\/b><\/h3><p class=\"p3\">La base legal para el tratamiento de tus datos es tu <span class=\"s3\"><b>consentimiento<\/b><\/span> al enviar un formulario o contacto.<\/p><h3><b>3. Conservaci\u00f3n de los datos<\/b><\/h3><p class=\"p3\">Tus datos se conservar\u00e1n mientras sean necesarios para cumplir con la finalidad indicada o mientras no retires tu consentimiento.<\/p><h3><b>4. Comunicaci\u00f3n de datos<\/b><\/h3><p class=\"p3\">No se comunicar\u00e1n tus datos a terceros, salvo obligaci\u00f3n legal.<\/p><h3><b>5. Derechos del usuario<\/b><\/h3><p class=\"p1\"><span class=\"s1\">Puedes ejercer tus derechos de <\/span><b>acceso, rectificaci\u00f3n, supresi\u00f3n, oposici\u00f3n, limitaci\u00f3n y portabilidad<\/b><span class=\"s1\"> enviando un correo a:<\/span><\/p><p class=\"p3\">\ud83d\udce7 info@pizzapazza-bcn.com<\/p><p class=\"p3\">Indicando el asunto \u201cProtecci\u00f3n de datos\u201d.<\/p><h3><b>6. Seguridad<\/b><\/h3><p class=\"p3\">Pizza Pazza ha implementado medidas t\u00e9cnicas y organizativas adecuadas para garantizar la seguridad y confidencialidad de tus datos.<\/p>\t\t\t\t\t\t\t\t<\/div>\n\t\t\t\t<\/div>\n\t\t\t\t\t<\/div>\n\t\t\t\t<\/div>\n\t\t\t\t<\/div>","protected":false},"excerpt":{"rendered":"<p>Pol\u00edtica de Privacidad \u00daltima actualizaci\u00f3n: Octubre 2025 Responsable del tratamiento: Pizza Pazza Barcelona \ud83d\udccd C\/ Princesa 26 y C\/ Ample 44 \u2013 Barcelona \ud83d\udce7 info@pizzapazza-bcn.com \ud83c\udf10 https:\/\/pizzapazza-bcn.com 1. Finalidad del tratamiento Los datos personales que nos proporciones a trav\u00e9s de los formularios de contacto o reservas se utilizar\u00e1n exclusivamente para atender tus solicitudes, gestionar reservas [&hellip;]<\/p>","protected":false},"author":1,"featured_media":0,"parent":0,"menu_order":0,"comment_status":"closed","ping_status":"closed","template":"","meta":{"footnotes":""},"class_list":["post-3200","page","type-page","status-publish","hentry"],"yoast_head":"<!-- This site is optimized with the Yoast SEO plugin v26.4 - https:\/\/yoast.com\/wordpress\/plugins\/seo\/ -->\n<title>\u00a0Pol\u00edtica de Privacidad - pizzapazza<\/title>\n<meta name=\"robots\" content=\"index, follow, max-snippet:-1, max-image-preview:large, max-video-preview:-1\" \/>\n<link rel=\"canonical\" href=\"https:\/\/pizzapazza-bcn.com\/en\/politica-de-privacidad\/\" \/>\n<meta property=\"og:locale\" content=\"en_GB\" \/>\n<meta property=\"og:type\" content=\"article\" \/>\n<meta property=\"og:title\" content=\"\u00a0Pol\u00edtica de Privacidad - pizzapazza\" \/>\n<meta property=\"og:description\" content=\"Pol\u00edtica de Privacidad \u00daltima actualizaci\u00f3n: Octubre 2025 Responsable del tratamiento: Pizza Pazza Barcelona \ud83d\udccd C\/ Princesa 26 y C\/ Ample 44 \u2013 Barcelona \ud83d\udce7 info@pizzapazza-bcn.com \ud83c\udf10 https:\/\/pizzapazza-bcn.com 1. Finalidad del tratamiento Los datos personales que nos proporciones a trav\u00e9s de los formularios de contacto o reservas se utilizar\u00e1n exclusivamente para atender tus solicitudes, gestionar reservas [&hellip;]\" \/>\n<meta property=\"og:url\" content=\"https:\/\/pizzapazza-bcn.com\/en\/politica-de-privacidad\/\" \/>\n<meta property=\"og:site_name\" content=\"pizzapazza\" \/>\n<meta property=\"article:modified_time\" content=\"2025-10-20T16:56:06+00:00\" \/>\n<meta name=\"twitter:card\" content=\"summary_large_image\" \/>\n<meta name=\"twitter:label1\" content=\"Estimated reading time\" \/>\n\t<meta name=\"twitter:data1\" content=\"1 minute\" \/>\n<script type=\"application\/ld+json\" class=\"yoast-schema-graph\">{\"@context\":\"https:\/\/schema.org\",\"@graph\":[{\"@type\":\"WebPage\",\"@id\":\"https:\/\/pizzapazza-bcn.com\/politica-de-privacidad\",\"url\":\"https:\/\/pizzapazza-bcn.com\/politica-de-privacidad\",\"name\":\"\u00a0Pol\u00edtica de Privacidad - pizzapazza\",\"isPartOf\":{\"@id\":\"https:\/\/pizzapazza-bcn.com\/#website\"},\"datePublished\":\"2025-10-20T16:46:48+00:00\",\"dateModified\":\"2025-10-20T16:56:06+00:00\",\"breadcrumb\":{\"@id\":\"https:\/\/pizzapazza-bcn.com\/politica-de-privacidad#breadcrumb\"},\"inLanguage\":\"en-GB\",\"potentialAction\":[{\"@type\":\"ReadAction\",\"target\":[\"https:\/\/pizzapazza-bcn.com\/politica-de-privacidad\"]}]},{\"@type\":\"BreadcrumbList\",\"@id\":\"https:\/\/pizzapazza-bcn.com\/politica-de-privacidad#breadcrumb\",\"itemListElement\":[{\"@type\":\"ListItem\",\"position\":1,\"name\":\"Portada\",\"item\":\"https:\/\/mediumseagreen-alligator-457458.hostingersite.com\/\"},{\"@type\":\"ListItem\",\"position\":2,\"name\":\"\u00a0Pol\u00edtica de Privacidad\"}]},{\"@type\":\"WebSite\",\"@id\":\"https:\/\/pizzapazza-bcn.com\/#website\",\"url\":\"https:\/\/pizzapazza-bcn.com\/\",\"name\":\"pizzapazza\",\"description\":\"Pizzeria Italiana en Barcelona\",\"potentialAction\":[{\"@type\":\"SearchAction\",\"target\":{\"@type\":\"EntryPoint\",\"urlTemplate\":\"https:\/\/pizzapazza-bcn.com\/?s={search_term_string}\"},\"query-input\":{\"@type\":\"PropertyValueSpecification\",\"valueRequired\":true,\"valueName\":\"search_term_string\"}}],\"inLanguage\":\"en-GB\"}]}<\/script>\n<!-- \/ Yoast SEO plugin. -->","yoast_head_json":{"title":"\u00a0Pol\u00edtica de Privacidad - pizzapazza","robots":{"index":"index","follow":"follow","max-snippet":"max-snippet:-1","max-image-preview":"max-image-preview:large","max-video-preview":"max-video-preview:-1"},"canonical":"https:\/\/pizzapazza-bcn.com\/en\/politica-de-privacidad\/","og_locale":"en_GB","og_type":"article","og_title":"\u00a0Pol\u00edtica de Privacidad - pizzapazza","og_description":"Pol\u00edtica de Privacidad \u00daltima actualizaci\u00f3n: Octubre 2025 Responsable del tratamiento: Pizza Pazza Barcelona \ud83d\udccd C\/ Princesa 26 y C\/ Ample 44 \u2013 Barcelona \ud83d\udce7 info@pizzapazza-bcn.com \ud83c\udf10 https:\/\/pizzapazza-bcn.com 1. Finalidad del tratamiento Los datos personales que nos proporciones a trav\u00e9s de los formularios de contacto o reservas se utilizar\u00e1n exclusivamente para atender tus solicitudes, gestionar reservas [&hellip;]","og_url":"https:\/\/pizzapazza-bcn.com\/en\/politica-de-privacidad\/","og_site_name":"pizzapazza","article_modified_time":"2025-10-20T16:56:06+00:00","twitter_card":"summary_large_image","twitter_misc":{"Estimated reading time":"1 minute"},"schema":{"@context":"https:\/\/schema.org","@graph":[{"@type":"WebPage","@id":"https:\/\/pizzapazza-bcn.com\/politica-de-privacidad","url":"https:\/\/pizzapazza-bcn.com\/politica-de-privacidad","name":"\u00a0Pol\u00edtica de Privacidad - pizzapazza","isPartOf":{"@id":"https:\/\/pizzapazza-bcn.com\/#website"},"datePublished":"2025-10-20T16:46:48+00:00","dateModified":"2025-10-20T16:56:06+00:00","breadcrumb":{"@id":"https:\/\/pizzapazza-bcn.com\/politica-de-privacidad#breadcrumb"},"inLanguage":"en-GB","potentialAction":[{"@type":"ReadAction","target":["https:\/\/pizzapazza-bcn.com\/politica-de-privacidad"]}]},{"@type":"BreadcrumbList","@id":"https:\/\/pizzapazza-bcn.com\/politica-de-privacidad#breadcrumb","itemListElement":[{"@type":"ListItem","position":1,"name":"Portada","item":"https:\/\/mediumseagreen-alligator-457458.hostingersite.com\/"},{"@type":"ListItem","position":2,"name":"\u00a0Pol\u00edtica de Privacidad"}]},{"@type":"WebSite","@id":"https:\/\/pizzapazza-bcn.com\/#website","url":"https:\/\/pizzapazza-bcn.com\/","name":"pizzapazza","description":"Italian Pizzeria in Barcelona","potentialAction":[{"@type":"SearchAction","target":{"@type":"EntryPoint","urlTemplate":"https:\/\/pizzapazza-bcn.com\/?s={search_term_string}"},"query-input":{"@type":"PropertyValueSpecification","valueRequired":true,"valueName":"search_term_string"}}],"inLanguage":"en-GB"}]}},"_links":{"self":[{"href":"https:\/\/pizzapazza-bcn.com\/en\/wp-json\/wp\/v2\/pages\/3200","targetHints":{"allow":["GET"]}}],"collection":[{"href":"https:\/\/pizzapazza-bcn.com\/en\/wp-json\/wp\/v2\/pages"}],"about":[{"href":"https:\/\/pizzapazza-bcn.com\/en\/wp-json\/wp\/v2\/types\/page"}],"author":[{"embeddable":true,"href":"https:\/\/pizzapazza-bcn.com\/en\/wp-json\/wp\/v2\/users\/1"}],"replies":[{"embeddable":true,"href":"https:\/\/pizzapazza-bcn.com\/en\/wp-json\/wp\/v2\/comments?post=3200"}],"version-history":[{"count":4,"href":"https:\/\/pizzapazza-bcn.com\/en\/wp-json\/wp\/v2\/pages\/3200\/revisions"}],"predecessor-version":[{"id":3218,"href":"https:\/\/pizzapazza-bcn.com\/en\/wp-json\/wp\/v2\/pages\/3200\/revisions\/3218"}],"wp:attachment":[{"href":"https:\/\/pizzapazza-bcn.com\/en\/wp-json\/wp\/v2\/media?parent=3200"}],"curies":[{"name":"wp","href":"https:\/\/api.w.org\/{rel}","templated":true}]}}